{"id":2032,"date":"2023-10-28T18:13:42","date_gmt":"2023-10-28T16:13:42","guid":{"rendered":"http:\/\/stiertrainingservices.com\/fisheries-training\/"},"modified":"2025-11-28T14:12:04","modified_gmt":"2025-11-28T13:12:04","slug":"formacion-pesquera","status":"publish","type":"page","link":"https:\/\/stiertrainingservices.com\/es\/formacion-pesquera\/","title":{"rendered":"Formaci\u00f3n Pesquera"},"content":{"rendered":"\t\t<div data-elementor-type=\"wp-page\" data-elementor-id=\"2032\" class=\"elementor elementor-2032 elementor-1253\" data-elementor-post-type=\"page\">\n\t\t\t\t<div class=\"elementor-element elementor-element-441ca5b4 e-flex e-con-boxed e-con e-parent\" data-id=\"441ca5b4\" data-element_type=\"container\" data-settings=\"{&quot;background_background&quot;:&quot;slideshow&quot;,&quot;background_slideshow_gallery&quot;:[{&quot;id&quot;:1242,&quot;url&quot;:&quot;https:\\\/\\\/stiertrainingservices.com\\\/wp-content\\\/uploads\\\/2023\\\/10\\\/mar_2.jpg&quot;},{&quot;id&quot;:1241,&quot;url&quot;:&quot;https:\\\/\\\/stiertrainingservices.com\\\/wp-content\\\/uploads\\\/2023\\\/10\\\/mar_1.jpg&quot;},{&quot;id&quot;:911,&quot;url&quot;:&quot;https:\\\/\\\/stiertrainingservices.com\\\/wp-content\\\/uploads\\\/2023\\\/10\\\/team_6.jpg&quot;},{&quot;id&quot;:913,&quot;url&quot;:&quot;https:\\\/\\\/stiertrainingservices.com\\\/wp-content\\\/uploads\\\/2023\\\/10\\\/team_8.jpg&quot;},{&quot;id&quot;:910,&quot;url&quot;:&quot;https:\\\/\\\/stiertrainingservices.com\\\/wp-content\\\/uploads\\\/2023\\\/10\\\/team_5.jpg&quot;},{&quot;id&quot;:1243,&quot;url&quot;:&quot;https:\\\/\\\/stiertrainingservices.com\\\/wp-content\\\/uploads\\\/2023\\\/10\\\/mar_3.jpg&quot;},{&quot;id&quot;:1220,&quot;url&quot;:&quot;https:\\\/\\\/stiertrainingservices.com\\\/wp-content\\\/uploads\\\/2023\\\/10\\\/STCW_6.jpg&quot;},{&quot;id&quot;:1213,&quot;url&quot;:&quot;https:\\\/\\\/stiertrainingservices.com\\\/wp-content\\\/uploads\\\/2023\\\/10\\\/fbpm-scaled.jpg&quot;}],&quot;background_slideshow_transition_duration&quot;:800,&quot;background_slideshow_ken_burns&quot;:&quot;yes&quot;,&quot;background_slideshow_loop&quot;:&quot;yes&quot;,&quot;background_slideshow_slide_duration&quot;:5000,&quot;background_slideshow_slide_transition&quot;:&quot;fade&quot;,&quot;background_slideshow_ken_burns_zoom_direction&quot;:&quot;in&quot;}\">\n\t\t\t\t\t<div class=\"e-con-inner\">\n\t\t<div class=\"elementor-element elementor-element-fea7c6d e-con-full e-flex e-con e-child\" data-id=\"fea7c6d\" data-element_type=\"container\" data-settings=\"{&quot;background_background&quot;:&quot;video&quot;}\">\n\t\t\t\t<div class=\"elementor-element elementor-element-834afd1 elementor-widget__width-inherit elementor-widget elementor-widget-heading\" data-id=\"834afd1\" data-element_type=\"widget\" data-widget_type=\"heading.default\">\n\t\t\t\t<div class=\"elementor-widget-container\">\n\t\t\t\t\t<p class=\"elementor-heading-title elementor-size-default\">\u00bfQuieres dedicarte a la pesca?<\/p>\t\t\t\t<\/div>\n\t\t\t\t<\/div>\n\t\t\t\t<div class=\"elementor-element elementor-element-d42fc72 elementor-widget elementor-widget-heading\" data-id=\"d42fc72\" data-element_type=\"widget\" data-widget_type=\"heading.default\">\n\t\t\t\t<div class=\"elementor-widget-container\">\n\t\t\t\t\t<h1 class=\"elementor-heading-title elementor-size-default\">Formaci\u00f3n Direcci\u00f3n General Pesca<\/h1>\t\t\t\t<\/div>\n\t\t\t\t<\/div>\n\t\t\t\t<\/div>\n\t\t\t\t<div class=\"elementor-element elementor-element-42dfbefa elementor-grid-1 elementor-widget__width-auto elementor-absolute elementor-grid-mobile-1 elementor-shape-rounded e-grid-align-center elementor-widget elementor-widget-social-icons\" data-id=\"42dfbefa\" data-element_type=\"widget\" data-settings=\"{&quot;_position&quot;:&quot;absolute&quot;}\" data-widget_type=\"social-icons.default\">\n\t\t\t\t<div class=\"elementor-widget-container\">\n\t\t\t\t\t\t\t<div class=\"elementor-social-icons-wrapper elementor-grid\" role=\"list\">\n\t\t\t\t\t\t\t<span class=\"elementor-grid-item\" role=\"listitem\">\n\t\t\t\t\t<a class=\"elementor-icon elementor-social-icon elementor-social-icon-facebook elementor-animation-grow elementor-repeater-item-902d5c1\" href=\"https:\/\/www.facebook.com\/grupostier\/\" target=\"_blank\">\n\t\t\t\t\t\t<span class=\"elementor-screen-only\">Facebook<\/span>\n\t\t\t\t\t\t<i class=\"fab fa-facebook\"><\/i>\t\t\t\t\t<\/a>\n\t\t\t\t<\/span>\n\t\t\t\t\t\t\t<span class=\"elementor-grid-item\" role=\"listitem\">\n\t\t\t\t\t<a class=\"elementor-icon elementor-social-icon elementor-social-icon-linkedin elementor-animation-grow elementor-repeater-item-fb6f328\" href=\"https:\/\/www.linkedin.com\/in\/stier-training-centre-ex-cema-opito-gwo-stcw-acredited-923422147\/\" target=\"_blank\">\n\t\t\t\t\t\t<span class=\"elementor-screen-only\">Linkedin<\/span>\n\t\t\t\t\t\t<i class=\"fab fa-linkedin\"><\/i>\t\t\t\t\t<\/a>\n\t\t\t\t<\/span>\n\t\t\t\t\t<\/div>\n\t\t\t\t\t\t<\/div>\n\t\t\t\t<\/div>\n\t\t\t\t\t<\/div>\n\t\t\t\t<\/div>\n\t\t<div class=\"elementor-element elementor-element-2b2068f e-con-full e-flex e-con e-parent\" data-id=\"2b2068f\" data-element_type=\"container\" data-settings=\"{&quot;background_background&quot;:&quot;classic&quot;}\">\n\t\t<div class=\"elementor-element elementor-element-1c7d4d4 e-flex e-con-boxed e-con e-child\" data-id=\"1c7d4d4\" data-element_type=\"container\">\n\t\t\t\t\t<div class=\"e-con-inner\">\n\t\t\t\t<div class=\"elementor-element elementor-element-6eaf0c4 elementor-widget__width-inherit elementor-widget elementor-widget-heading\" data-id=\"6eaf0c4\" data-element_type=\"widget\" data-widget_type=\"heading.default\">\n\t\t\t\t<div class=\"elementor-widget-container\">\n\t\t\t\t\t<p class=\"elementor-heading-title elementor-size-default\">Aprobado por la Direcci\u00f3n General de la Marina Mercante.<\/p>\t\t\t\t<\/div>\n\t\t\t\t<\/div>\n\t\t\t\t<div class=\"elementor-element elementor-element-8f0218d elementor-widget__width-inherit elementor-widget elementor-widget-heading\" data-id=\"8f0218d\" data-element_type=\"widget\" data-widget_type=\"heading.default\">\n\t\t\t\t<div class=\"elementor-widget-container\">\n\t\t\t\t\t<h2 class=\"elementor-heading-title elementor-size-default\">Formaci\u00f3n Pesquera<\/h2>\t\t\t\t<\/div>\n\t\t\t\t<\/div>\n\t\t<div class=\"elementor-element elementor-element-2b7927a e-con-full e-flex e-con e-child\" data-id=\"2b7927a\" data-element_type=\"container\">\n\t\t\t\t<div class=\"elementor-element elementor-element-6f216e1 elementor-widget__width-initial elementor-widget elementor-widget-text-editor\" data-id=\"6f216e1\" data-element_type=\"widget\" data-widget_type=\"text-editor.default\">\n\t\t\t\t<div class=\"elementor-widget-container\">\n\t\t\t\t\t\t\t\t\t<p><strong>\u00bfQuieres dedicarte a la pesca?<\/strong><\/p><p>Nuestro curso est\u00e1 dise\u00f1ado para ofrecerte una formaci\u00f3n de alta calidad y est\u00e1 respaldado por el STCW y homologado por la Direcci\u00f3n General de la Marina Mercante. Sin embargo, es importante destacar que su regulaci\u00f3n en las Comunidades Aut\u00f3nomas es un aspecto clave, ya que son ellas las que gestionan este importante tr\u00e1mite tras haber aceptado la transferencia de competencias.<\/p><p>En Canarias, la Direcci\u00f3n General de Pesca es la entidad encargada de supervisar y regular la N\u00e1utica de Recreo y Pesca, y en la actualidad, desempe\u00f1a un papel fundamental en la homologaci\u00f3n, auditor\u00eda e inspecci\u00f3n de los Centros de Formaci\u00f3n autorizados para impartir estos cursos.<\/p>\t\t\t\t\t\t\t\t<\/div>\n\t\t\t\t<\/div>\n\t\t\t\t<div class=\"elementor-element elementor-element-a1422a6 elementor-widget elementor-widget-text-editor\" data-id=\"a1422a6\" data-element_type=\"widget\" data-widget_type=\"text-editor.default\">\n\t\t\t\t<div class=\"elementor-widget-container\">\n\t\t\t\t\t\t\t\t\t<p>\u00a0<\/p><p>El examen final est\u00e1 bajo la responsabilidad de los inspectores designados por la propia DG Pesca, quienes emiten la Tarjeta Profesional cuando consideran que el alumno est\u00e1 preparado para afrontar su carrera en este emocionante campo.<\/p><p>En Stier Training Services, estamos orgullosos de ser una de las instituciones homologadas por la Direcci\u00f3n General de Pesca para impartir el Curso Marinero Pescador, y, continuamos siendo una opci\u00f3n confiable y autorizada para aquellos que buscan cursos n\u00e1uticos de calidad.<\/p><p>No pierdas la oportunidad de impulsar tu carrera en la n\u00e1utica. \u00a1\u00danete a nosotros y prep\u00e1rate para alcanzar tus metas profesionales en el mundo mar\u00edtimo! Tu futuro comienza aqu\u00ed. \u00a1Inscr\u00edbete ahora!<\/p>\t\t\t\t\t\t\t\t<\/div>\n\t\t\t\t<\/div>\n\t\t\t\t<\/div>\n\t\t<div class=\"elementor-element elementor-element-b7e6cf5 e-con-full e-flex e-con e-child\" data-id=\"b7e6cf5\" data-element_type=\"container\">\n\t\t\t\t<div class=\"elementor-element elementor-element-fc0e71b elementor-widget__width-inherit elementor-widget elementor-widget-heading\" data-id=\"fc0e71b\" data-element_type=\"widget\" data-widget_type=\"heading.default\">\n\t\t\t\t<div class=\"elementor-widget-container\">\n\t\t\t\t\t<h2 class=\"elementor-heading-title elementor-size-default\">Cursos<\/h2>\t\t\t\t<\/div>\n\t\t\t\t<\/div>\n\t\t<div class=\"elementor-element elementor-element-e42045e e-con-full e-flex e-con e-child\" data-id=\"e42045e\" data-element_type=\"container\">\n\t\t<div class=\"elementor-element elementor-element-ce9479b e-con-full e-flex e-con e-child\" data-id=\"ce9479b\" data-element_type=\"container\">\n\t\t\t\t<div class=\"elementor-element elementor-element-9ed4d80 elementor-invisible elementor-widget elementor-widget-image\" data-id=\"9ed4d80\" data-element_type=\"widget\" data-settings=\"{&quot;_animation&quot;:&quot;fadeIn&quot;}\" data-widget_type=\"image.default\">\n\t\t\t\t<div class=\"elementor-widget-container\">\n\t\t\t\t\t\t\t\t\t\t\t\t\t\t\t\t<a href=\"\/es\/formacion-pesquera\/curso-marinero-pescador-dg-pesca\/\">\n\t\t\t\t\t\t\t<img fetchpriority=\"high\" decoding=\"async\" width=\"900\" height=\"600\" src=\"https:\/\/stiertrainingservices.com\/wp-content\/uploads\/2023\/10\/mar_small.jpg\" class=\"elementor-animation-grow attachment-full size-full wp-image-1775\" alt=\"\" srcset=\"https:\/\/stiertrainingservices.com\/wp-content\/uploads\/2023\/10\/mar_small.jpg 900w, https:\/\/stiertrainingservices.com\/wp-content\/uploads\/2023\/10\/mar_small-600x400.jpg 600w, https:\/\/stiertrainingservices.com\/wp-content\/uploads\/2023\/10\/mar_small-300x200.jpg 300w, https:\/\/stiertrainingservices.com\/wp-content\/uploads\/2023\/10\/mar_small-768x512.jpg 768w\" sizes=\"(max-width: 900px) 100vw, 900px\" \/>\t\t\t\t\t\t\t\t<\/a>\n\t\t\t\t\t\t\t\t\t\t\t\t\t\t\t<\/div>\n\t\t\t\t<\/div>\n\t\t\t\t<div class=\"elementor-element elementor-element-a0f053c elementor-widget elementor-widget-heading\" data-id=\"a0f053c\" data-element_type=\"widget\" data-widget_type=\"heading.default\">\n\t\t\t\t<div class=\"elementor-widget-container\">\n\t\t\t\t\t<h6 class=\"elementor-heading-title elementor-size-default\"><a href=\"\/es\/formacion-pesquera\/curso-marinero-pescador-dg-pesca\/\">Curso Marinero Pescador (DG Pesca)<\/a><\/h6>\t\t\t\t<\/div>\n\t\t\t\t<\/div>\n\t\t\t\t<\/div>\n\t\t\t\t<\/div>\n\t\t\t\t<\/div>\n\t\t\t\t\t<\/div>\n\t\t\t\t<\/div>\n\t\t\t\t<\/div>\n\t\t<div class=\"elementor-element elementor-element-6f15a81 e-flex e-con-boxed e-con e-parent\" data-id=\"6f15a81\" data-element_type=\"container\" data-settings=\"{&quot;background_background&quot;:&quot;video&quot;,&quot;background_play_on_mobile&quot;:&quot;yes&quot;,&quot;background_video_link&quot;:&quot;https:\\\/\\\/www.youtube.com\\\/watch?v=eAiyQlhiGuA&quot;,&quot;background_video_start&quot;:25,&quot;background_video_end&quot;:115}\">\n\t\t\t\t\t<div class=\"e-con-inner\">\n\t\t<div class=\"elementor-background-video-container\">\n\t\t\t\t\t\t\t<div class=\"elementor-background-video-embed\"><\/div>\n\t\t\t\t\t\t<\/div><div class=\"elementor-element elementor-element-7430950 e-flex e-con-boxed e-con e-child\" data-id=\"7430950\" data-element_type=\"container\" data-settings=\"{&quot;background_background&quot;:&quot;classic&quot;}\">\n\t\t\t\t\t<div class=\"e-con-inner\">\n\t\t\t\t<div class=\"elementor-element elementor-element-fa367c9 elementor-widget__width-initial elementor-widget-tablet__width-initial elementor-widget elementor-widget-text-editor\" data-id=\"fa367c9\" data-element_type=\"widget\" data-widget_type=\"text-editor.default\">\n\t\t\t\t<div class=\"elementor-widget-container\">\n\t\t\t\t\t\t\t\t\t<p>En el <strong>Stier Training Services<\/strong> estamos orgullosos de ser una de las instituciones homologadas por la Direcci\u00f3n General de Pesca para impartir el Curso de Marineros Pescadores, y seguimos siendo una opci\u00f3n confiable y autorizada para quienes buscan cursos n\u00e1uticos de calidad.<\/p>\t\t\t\t\t\t\t\t<\/div>\n\t\t\t\t<\/div>\n\t\t\t\t<div class=\"elementor-element elementor-element-380d9fd elementor-widget__width-initial elementor-absolute elementor-hidden-mobile elementor-widget elementor-widget-image\" data-id=\"380d9fd\" data-element_type=\"widget\" data-settings=\"{&quot;_position&quot;:&quot;absolute&quot;}\" data-widget_type=\"image.default\">\n\t\t\t\t<div class=\"elementor-widget-container\">\n\t\t\t\t\t\t\t\t\t\t\t\t\t\t\t<img decoding=\"async\" width=\"300\" height=\"102\" src=\"https:\/\/stiertrainingservices.com\/wp-content\/uploads\/2023\/10\/iso_stier-300x102.png\" class=\"attachment-medium size-medium wp-image-1683\" alt=\"\" srcset=\"https:\/\/stiertrainingservices.com\/wp-content\/uploads\/2023\/10\/iso_stier-300x102.png 300w, https:\/\/stiertrainingservices.com\/wp-content\/uploads\/2023\/10\/iso_stier-600x204.png 600w, https:\/\/stiertrainingservices.com\/wp-content\/uploads\/2023\/10\/iso_stier-768x261.png 768w, https:\/\/stiertrainingservices.com\/wp-content\/uploads\/2023\/10\/iso_stier.png 770w\" sizes=\"(max-width: 300px) 100vw, 300px\" \/>\t\t\t\t\t\t\t\t\t\t\t\t\t\t\t<\/div>\n\t\t\t\t<\/div>\n\t\t\t\t\t<\/div>\n\t\t\t\t<\/div>\n\t\t\t\t\t<\/div>\n\t\t\t\t<\/div>\n\t\t\t\t<\/div>\n\t\t","protected":false},"excerpt":{"rendered":"<p>\u00bfQuieres dedicarte a la pesca? Formaci\u00f3n Direcci\u00f3n General Pesca Facebook Linkedin Aprobado por la Direcci\u00f3n General de la Marina Mercante. Formaci\u00f3n Pesquera \u00bfQuieres dedicarte a la pesca? Nuestro curso est\u00e1 dise\u00f1ado para ofrecerte una formaci\u00f3n de alta calidad y est\u00e1 respaldado por el STCW y homologado por la Direcci\u00f3n General de la Marina Mercante. Sin [&hellip;]<\/p>\n","protected":false},"author":7,"featured_media":0,"parent":0,"menu_order":0,"comment_status":"closed","ping_status":"closed","template":"elementor_header_footer","meta":{"footnotes":""},"class_list":["post-2032","page","type-page","status-publish","hentry"],"yoast_head":"<!-- This site is optimized with the Yoast SEO plugin v25.7 - https:\/\/yoast.com\/wordpress\/plugins\/seo\/ -->\n<title>Formaci\u00f3n Pesquera - Stier Training Services<\/title>\n<meta name=\"robots\" content=\"index, follow, max-snippet:-1, max-image-preview:large, max-video-preview:-1\" \/>\n<link rel=\"canonical\" href=\"https:\/\/stiertrainingservices.com\/es\/formacion-pesquera\/\" \/>\n<meta property=\"og:locale\" content=\"es_ES\" \/>\n<meta property=\"og:type\" content=\"article\" \/>\n<meta property=\"og:title\" content=\"Formaci\u00f3n Pesquera - Stier Training Services\" \/>\n<meta property=\"og:description\" content=\"\u00bfQuieres dedicarte a la pesca? Formaci\u00f3n Direcci\u00f3n General Pesca Facebook Linkedin Aprobado por la Direcci\u00f3n General de la Marina Mercante. Formaci\u00f3n Pesquera \u00bfQuieres dedicarte a la pesca? Nuestro curso est\u00e1 dise\u00f1ado para ofrecerte una formaci\u00f3n de alta calidad y est\u00e1 respaldado por el STCW y homologado por la Direcci\u00f3n General de la Marina Mercante. Sin [&hellip;]\" \/>\n<meta property=\"og:url\" content=\"https:\/\/stiertrainingservices.com\/es\/formacion-pesquera\/\" \/>\n<meta property=\"og:site_name\" content=\"Stier Training Services\" \/>\n<meta property=\"article:publisher\" content=\"https:\/\/www.facebook.com\/grupostier\/\" \/>\n<meta property=\"article:modified_time\" content=\"2025-11-28T13:12:04+00:00\" \/>\n<meta property=\"og:image\" content=\"https:\/\/stiertrainingservices.com\/wp-content\/uploads\/2023\/10\/mar_small.jpg\" \/>\n\t<meta property=\"og:image:width\" content=\"900\" \/>\n\t<meta property=\"og:image:height\" content=\"600\" \/>\n\t<meta property=\"og:image:type\" content=\"image\/jpeg\" \/>\n<meta name=\"twitter:card\" content=\"summary_large_image\" \/>\n<meta name=\"twitter:label1\" content=\"Tiempo de lectura\" \/>\n\t<meta name=\"twitter:data1\" content=\"2 minutos\" \/>\n<script type=\"application\/ld+json\" class=\"yoast-schema-graph\">{\"@context\":\"https:\/\/schema.org\",\"@graph\":[{\"@type\":\"WebPage\",\"@id\":\"https:\/\/stiertrainingservices.com\/es\/formacion-pesquera\/\",\"url\":\"https:\/\/stiertrainingservices.com\/es\/formacion-pesquera\/\",\"name\":\"Formaci\u00f3n Pesquera - Stier Training Services\",\"isPartOf\":{\"@id\":\"https:\/\/stiertrainingservices.com\/#website\"},\"primaryImageOfPage\":{\"@id\":\"https:\/\/stiertrainingservices.com\/es\/formacion-pesquera\/#primaryimage\"},\"image\":{\"@id\":\"https:\/\/stiertrainingservices.com\/es\/formacion-pesquera\/#primaryimage\"},\"thumbnailUrl\":\"https:\/\/stiertrainingservices.com\/wp-content\/uploads\/2023\/10\/mar_small.jpg\",\"datePublished\":\"2023-10-28T16:13:42+00:00\",\"dateModified\":\"2025-11-28T13:12:04+00:00\",\"breadcrumb\":{\"@id\":\"https:\/\/stiertrainingservices.com\/es\/formacion-pesquera\/#breadcrumb\"},\"inLanguage\":\"es\",\"potentialAction\":[{\"@type\":\"ReadAction\",\"target\":[\"https:\/\/stiertrainingservices.com\/es\/formacion-pesquera\/\"]}]},{\"@type\":\"ImageObject\",\"inLanguage\":\"es\",\"@id\":\"https:\/\/stiertrainingservices.com\/es\/formacion-pesquera\/#primaryimage\",\"url\":\"https:\/\/stiertrainingservices.com\/wp-content\/uploads\/2023\/10\/mar_small.jpg\",\"contentUrl\":\"https:\/\/stiertrainingservices.com\/wp-content\/uploads\/2023\/10\/mar_small.jpg\"},{\"@type\":\"BreadcrumbList\",\"@id\":\"https:\/\/stiertrainingservices.com\/es\/formacion-pesquera\/#breadcrumb\",\"itemListElement\":[{\"@type\":\"ListItem\",\"position\":1,\"name\":\"Home\",\"item\":\"https:\/\/stiertrainingservices.com\/es\/\"},{\"@type\":\"ListItem\",\"position\":2,\"name\":\"Formaci\u00f3n Pesquera\"}]},{\"@type\":\"WebSite\",\"@id\":\"https:\/\/stiertrainingservices.com\/#website\",\"url\":\"https:\/\/stiertrainingservices.com\/\",\"name\":\"Stier Training Services\",\"description\":\"\",\"publisher\":{\"@id\":\"https:\/\/stiertrainingservices.com\/#organization\"},\"potentialAction\":[{\"@type\":\"SearchAction\",\"target\":{\"@type\":\"EntryPoint\",\"urlTemplate\":\"https:\/\/stiertrainingservices.com\/?s={search_term_string}\"},\"query-input\":{\"@type\":\"PropertyValueSpecification\",\"valueRequired\":true,\"valueName\":\"search_term_string\"}}],\"inLanguage\":\"es\"},{\"@type\":\"Organization\",\"@id\":\"https:\/\/stiertrainingservices.com\/#organization\",\"name\":\"Grupo Stier\",\"url\":\"https:\/\/stiertrainingservices.com\/\",\"logo\":{\"@type\":\"ImageObject\",\"inLanguage\":\"es\",\"@id\":\"https:\/\/stiertrainingservices.com\/#\/schema\/logo\/image\/\",\"url\":\"https:\/\/stiertrainingservices.com\/wp-content\/uploads\/2023\/10\/Logo-Grupo-Stier.png\",\"contentUrl\":\"https:\/\/stiertrainingservices.com\/wp-content\/uploads\/2023\/10\/Logo-Grupo-Stier.png\",\"width\":300,\"height\":57,\"caption\":\"Grupo Stier\"},\"image\":{\"@id\":\"https:\/\/stiertrainingservices.com\/#\/schema\/logo\/image\/\"},\"sameAs\":[\"https:\/\/www.facebook.com\/grupostier\/\"]}]}<\/script>\n<!-- \/ Yoast SEO plugin. -->","yoast_head_json":{"title":"Formaci\u00f3n Pesquera - Stier Training Services","robots":{"index":"index","follow":"follow","max-snippet":"max-snippet:-1","max-image-preview":"max-image-preview:large","max-video-preview":"max-video-preview:-1"},"canonical":"https:\/\/stiertrainingservices.com\/es\/formacion-pesquera\/","og_locale":"es_ES","og_type":"article","og_title":"Formaci\u00f3n Pesquera - Stier Training Services","og_description":"\u00bfQuieres dedicarte a la pesca? Formaci\u00f3n Direcci\u00f3n General Pesca Facebook Linkedin Aprobado por la Direcci\u00f3n General de la Marina Mercante. Formaci\u00f3n Pesquera \u00bfQuieres dedicarte a la pesca? Nuestro curso est\u00e1 dise\u00f1ado para ofrecerte una formaci\u00f3n de alta calidad y est\u00e1 respaldado por el STCW y homologado por la Direcci\u00f3n General de la Marina Mercante. Sin [&hellip;]","og_url":"https:\/\/stiertrainingservices.com\/es\/formacion-pesquera\/","og_site_name":"Stier Training Services","article_publisher":"https:\/\/www.facebook.com\/grupostier\/","article_modified_time":"2025-11-28T13:12:04+00:00","og_image":[{"width":900,"height":600,"url":"https:\/\/stiertrainingservices.com\/wp-content\/uploads\/2023\/10\/mar_small.jpg","type":"image\/jpeg"}],"twitter_card":"summary_large_image","twitter_misc":{"Tiempo de lectura":"2 minutos"},"schema":{"@context":"https:\/\/schema.org","@graph":[{"@type":"WebPage","@id":"https:\/\/stiertrainingservices.com\/es\/formacion-pesquera\/","url":"https:\/\/stiertrainingservices.com\/es\/formacion-pesquera\/","name":"Formaci\u00f3n Pesquera - Stier Training Services","isPartOf":{"@id":"https:\/\/stiertrainingservices.com\/#website"},"primaryImageOfPage":{"@id":"https:\/\/stiertrainingservices.com\/es\/formacion-pesquera\/#primaryimage"},"image":{"@id":"https:\/\/stiertrainingservices.com\/es\/formacion-pesquera\/#primaryimage"},"thumbnailUrl":"https:\/\/stiertrainingservices.com\/wp-content\/uploads\/2023\/10\/mar_small.jpg","datePublished":"2023-10-28T16:13:42+00:00","dateModified":"2025-11-28T13:12:04+00:00","breadcrumb":{"@id":"https:\/\/stiertrainingservices.com\/es\/formacion-pesquera\/#breadcrumb"},"inLanguage":"es","potentialAction":[{"@type":"ReadAction","target":["https:\/\/stiertrainingservices.com\/es\/formacion-pesquera\/"]}]},{"@type":"ImageObject","inLanguage":"es","@id":"https:\/\/stiertrainingservices.com\/es\/formacion-pesquera\/#primaryimage","url":"https:\/\/stiertrainingservices.com\/wp-content\/uploads\/2023\/10\/mar_small.jpg","contentUrl":"https:\/\/stiertrainingservices.com\/wp-content\/uploads\/2023\/10\/mar_small.jpg"},{"@type":"BreadcrumbList","@id":"https:\/\/stiertrainingservices.com\/es\/formacion-pesquera\/#breadcrumb","itemListElement":[{"@type":"ListItem","position":1,"name":"Home","item":"https:\/\/stiertrainingservices.com\/es\/"},{"@type":"ListItem","position":2,"name":"Formaci\u00f3n Pesquera"}]},{"@type":"WebSite","@id":"https:\/\/stiertrainingservices.com\/#website","url":"https:\/\/stiertrainingservices.com\/","name":"Stier Training Services","description":"","publisher":{"@id":"https:\/\/stiertrainingservices.com\/#organization"},"potentialAction":[{"@type":"SearchAction","target":{"@type":"EntryPoint","urlTemplate":"https:\/\/stiertrainingservices.com\/?s={search_term_string}"},"query-input":{"@type":"PropertyValueSpecification","valueRequired":true,"valueName":"search_term_string"}}],"inLanguage":"es"},{"@type":"Organization","@id":"https:\/\/stiertrainingservices.com\/#organization","name":"Grupo Stier","url":"https:\/\/stiertrainingservices.com\/","logo":{"@type":"ImageObject","inLanguage":"es","@id":"https:\/\/stiertrainingservices.com\/#\/schema\/logo\/image\/","url":"https:\/\/stiertrainingservices.com\/wp-content\/uploads\/2023\/10\/Logo-Grupo-Stier.png","contentUrl":"https:\/\/stiertrainingservices.com\/wp-content\/uploads\/2023\/10\/Logo-Grupo-Stier.png","width":300,"height":57,"caption":"Grupo Stier"},"image":{"@id":"https:\/\/stiertrainingservices.com\/#\/schema\/logo\/image\/"},"sameAs":["https:\/\/www.facebook.com\/grupostier\/"]}]}},"_links":{"self":[{"href":"https:\/\/stiertrainingservices.com\/es\/wp-json\/wp\/v2\/pages\/2032","targetHints":{"allow":["GET"]}}],"collection":[{"href":"https:\/\/stiertrainingservices.com\/es\/wp-json\/wp\/v2\/pages"}],"about":[{"href":"https:\/\/stiertrainingservices.com\/es\/wp-json\/wp\/v2\/types\/page"}],"author":[{"embeddable":true,"href":"https:\/\/stiertrainingservices.com\/es\/wp-json\/wp\/v2\/users\/7"}],"replies":[{"embeddable":true,"href":"https:\/\/stiertrainingservices.com\/es\/wp-json\/wp\/v2\/comments?post=2032"}],"version-history":[{"count":5,"href":"https:\/\/stiertrainingservices.com\/es\/wp-json\/wp\/v2\/pages\/2032\/revisions"}],"predecessor-version":[{"id":5608,"href":"https:\/\/stiertrainingservices.com\/es\/wp-json\/wp\/v2\/pages\/2032\/revisions\/5608"}],"wp:attachment":[{"href":"https:\/\/stiertrainingservices.com\/es\/wp-json\/wp\/v2\/media?parent=2032"}],"curies":[{"name":"wp","href":"https:\/\/api.w.org\/{rel}","templated":true}]}}