{"id":4876,"date":"2023-10-28T18:12:00","date_gmt":"2023-10-28T16:12:00","guid":{"rendered":"https:\/\/stiertrainingservices.com\/?page_id=4876"},"modified":"2025-08-19T07:34:48","modified_gmt":"2025-08-19T05:34:48","slug":"puertos-del-estado","status":"publish","type":"page","link":"https:\/\/stiertrainingservices.com\/es\/puertos-del-estado\/","title":{"rendered":"Puertos del Estado"},"content":{"rendered":"\t\t<div data-elementor-type=\"wp-page\" data-elementor-id=\"4876\" class=\"elementor elementor-4876 elementor-1251\" data-elementor-post-type=\"page\">\n\t\t\t\t<div class=\"elementor-element elementor-element-441ca5b4 e-flex e-con-boxed e-con e-parent\" data-id=\"441ca5b4\" data-element_type=\"container\" data-settings=\"{&quot;background_background&quot;:&quot;slideshow&quot;,&quot;background_slideshow_gallery&quot;:[{&quot;id&quot;:1191,&quot;url&quot;:&quot;https:\\\/\\\/stiertrainingservices.com\\\/wp-content\\\/uploads\\\/2023\\\/10\\\/MM.PP_2.jpg&quot;},{&quot;id&quot;:1197,&quot;url&quot;:&quot;https:\\\/\\\/stiertrainingservices.com\\\/wp-content\\\/uploads\\\/2023\\\/10\\\/MM.PP_8.jpg&quot;},{&quot;id&quot;:1196,&quot;url&quot;:&quot;https:\\\/\\\/stiertrainingservices.com\\\/wp-content\\\/uploads\\\/2023\\\/10\\\/MM.PP_7.jpg&quot;},{&quot;id&quot;:1195,&quot;url&quot;:&quot;https:\\\/\\\/stiertrainingservices.com\\\/wp-content\\\/uploads\\\/2023\\\/10\\\/MM.PP_6.jpg&quot;},{&quot;id&quot;:1193,&quot;url&quot;:&quot;https:\\\/\\\/stiertrainingservices.com\\\/wp-content\\\/uploads\\\/2023\\\/10\\\/MM.PP_4.jpg&quot;},{&quot;id&quot;:1194,&quot;url&quot;:&quot;https:\\\/\\\/stiertrainingservices.com\\\/wp-content\\\/uploads\\\/2023\\\/10\\\/MM.PP_5.jpg&quot;},{&quot;id&quot;:1192,&quot;url&quot;:&quot;https:\\\/\\\/stiertrainingservices.com\\\/wp-content\\\/uploads\\\/2023\\\/10\\\/MM.PP_3.jpg&quot;}],&quot;background_slideshow_transition_duration&quot;:800,&quot;background_slideshow_ken_burns&quot;:&quot;yes&quot;,&quot;background_slideshow_loop&quot;:&quot;yes&quot;,&quot;background_slideshow_slide_duration&quot;:5000,&quot;background_slideshow_slide_transition&quot;:&quot;fade&quot;,&quot;background_slideshow_ken_burns_zoom_direction&quot;:&quot;in&quot;}\">\n\t\t\t\t\t<div class=\"e-con-inner\">\n\t\t<div class=\"elementor-element elementor-element-fea7c6d e-con-full e-flex e-con e-child\" data-id=\"fea7c6d\" data-element_type=\"container\" data-settings=\"{&quot;background_background&quot;:&quot;video&quot;}\">\n\t\t\t\t<div class=\"elementor-element elementor-element-834afd1 elementor-widget__width-inherit elementor-widget elementor-widget-heading\" data-id=\"834afd1\" data-element_type=\"widget\" data-widget_type=\"heading.default\">\n\t\t\t\t<div class=\"elementor-widget-container\">\n\t\t\t\t\t<p class=\"elementor-heading-title elementor-size-default\">Formaci\u00f3n de Puertos del Estado<\/p>\t\t\t\t<\/div>\n\t\t\t\t<\/div>\n\t\t\t\t<div class=\"elementor-element elementor-element-d42fc72 elementor-widget elementor-widget-heading\" data-id=\"d42fc72\" data-element_type=\"widget\" data-widget_type=\"heading.default\">\n\t\t\t\t<div class=\"elementor-widget-container\">\n\t\t\t\t\t<h1 class=\"elementor-heading-title elementor-size-default\">PUERTOS DEL ESTADO<\/h1>\t\t\t\t<\/div>\n\t\t\t\t<\/div>\n\t\t\t\t<\/div>\n\t\t\t\t<div class=\"elementor-element elementor-element-42dfbefa elementor-grid-1 elementor-widget__width-auto elementor-absolute elementor-grid-mobile-1 elementor-shape-rounded e-grid-align-center elementor-widget elementor-widget-social-icons\" data-id=\"42dfbefa\" data-element_type=\"widget\" data-settings=\"{&quot;_position&quot;:&quot;absolute&quot;}\" data-widget_type=\"social-icons.default\">\n\t\t\t\t<div class=\"elementor-widget-container\">\n\t\t\t\t\t\t\t<div class=\"elementor-social-icons-wrapper elementor-grid\" role=\"list\">\n\t\t\t\t\t\t\t<span class=\"elementor-grid-item\" role=\"listitem\">\n\t\t\t\t\t<a class=\"elementor-icon elementor-social-icon elementor-social-icon-facebook elementor-animation-grow elementor-repeater-item-902d5c1\" href=\"https:\/\/www.facebook.com\/grupostier\/\" target=\"_blank\">\n\t\t\t\t\t\t<span class=\"elementor-screen-only\">Facebook<\/span>\n\t\t\t\t\t\t<i class=\"fab fa-facebook\"><\/i>\t\t\t\t\t<\/a>\n\t\t\t\t<\/span>\n\t\t\t\t\t\t\t<span class=\"elementor-grid-item\" role=\"listitem\">\n\t\t\t\t\t<a class=\"elementor-icon elementor-social-icon elementor-social-icon-linkedin elementor-animation-grow elementor-repeater-item-fb6f328\" href=\"https:\/\/www.linkedin.com\/in\/stier-training-centre-ex-cema-opito-gwo-stcw-acredited-923422147\/\" target=\"_blank\">\n\t\t\t\t\t\t<span class=\"elementor-screen-only\">Linkedin<\/span>\n\t\t\t\t\t\t<i class=\"fab fa-linkedin\"><\/i>\t\t\t\t\t<\/a>\n\t\t\t\t<\/span>\n\t\t\t\t\t<\/div>\n\t\t\t\t\t\t<\/div>\n\t\t\t\t<\/div>\n\t\t\t\t\t<\/div>\n\t\t\t\t<\/div>\n\t\t<div class=\"elementor-element elementor-element-2b2068f e-con-full e-flex e-con e-parent\" data-id=\"2b2068f\" data-element_type=\"container\" data-settings=\"{&quot;background_background&quot;:&quot;classic&quot;}\">\n\t\t<div class=\"elementor-element elementor-element-1c7d4d4 e-flex e-con-boxed e-con e-child\" data-id=\"1c7d4d4\" data-element_type=\"container\">\n\t\t\t\t\t<div class=\"e-con-inner\">\n\t\t\t\t<div class=\"elementor-element elementor-element-6eaf0c4 elementor-widget__width-inherit elementor-widget elementor-widget-heading\" data-id=\"6eaf0c4\" data-element_type=\"widget\" data-widget_type=\"heading.default\">\n\t\t\t\t<div class=\"elementor-widget-container\">\n\t\t\t\t\t<p class=\"elementor-heading-title elementor-size-default\">trabajar en el sector calific\u00e1ndose como mano de obra especializada<\/p>\t\t\t\t<\/div>\n\t\t\t\t<\/div>\n\t\t\t\t<div class=\"elementor-element elementor-element-8f0218d elementor-widget__width-inherit elementor-widget elementor-widget-heading\" data-id=\"8f0218d\" data-element_type=\"widget\" data-widget_type=\"heading.default\">\n\t\t\t\t<div class=\"elementor-widget-container\">\n\t\t\t\t\t<h2 class=\"elementor-heading-title elementor-size-default\">Formaci\u00f3n de Puertos del Estado<\/h2>\t\t\t\t<\/div>\n\t\t\t\t<\/div>\n\t\t<div class=\"elementor-element elementor-element-2b7927a e-con-full e-flex e-con e-child\" data-id=\"2b7927a\" data-element_type=\"container\">\n\t\t\t\t<div class=\"elementor-element elementor-element-6f216e1 elementor-widget__width-initial elementor-widget elementor-widget-text-editor\" data-id=\"6f216e1\" data-element_type=\"widget\" data-widget_type=\"text-editor.default\">\n\t\t\t\t<div class=\"elementor-widget-container\">\n\t\t\t\t\t\t\t\t\t<p>Desde alrededor de 1990, por decisi\u00f3n del gobierno, la responsabilidad de regular el manejo, almacenamiento y transporte de mercanc\u00edas peligrosas dentro de los puertos se transfiri\u00f3 a la Autoridad Portuaria del Estado (Puertos del Estado). Esta responsabilidad no fue asignada a la Direcci\u00f3n General de la Marina Mercante, que se ocupa de otros asuntos mar\u00edtimos.<\/p><p>A d\u00eda de hoy, la formaci\u00f3n profesional requerida para el manejo de mercanc\u00edas peligrosas en los puertos se rige por el Real Decreto 145\/1989. Este reglamento describe tanto el contenido de la formaci\u00f3n como el proceso de certificaci\u00f3n para las personas que trabajan en este campo.<\/p>\t\t\t\t\t\t\t\t<\/div>\n\t\t\t\t<\/div>\n\t\t\t\t<div class=\"elementor-element elementor-element-a1422a6 elementor-widget elementor-widget-text-editor\" data-id=\"a1422a6\" data-element_type=\"widget\" data-widget_type=\"text-editor.default\">\n\t\t\t\t<div class=\"elementor-widget-container\">\n\t\t\t\t\t\t\t\t\t<p>La titulaci\u00f3n oficial se denomina \u00abFormaci\u00f3n para la Manipulaci\u00f3n de Mercanc\u00edas Peligrosas para Operadores de Muelles o Terminales\u00bb. Para que sea v\u00e1lido, el certificado debe ser reconocido oficialmente y visado por la Autoridad Portuaria del Estado.<\/p><p>Stier Training Centre es un proveedor acreditado, autorizado por Puertos del Estado, para impartir esta formaci\u00f3n profesional. El centro ofrece:<\/p><ul><li>Nivel B\u00e1sico: Componentes Portuarios (10 horas)<\/li><li>Nivel Avanzado: Operador de Muelle o Terminal (40 horas)<\/li><\/ul><p><br \/>Estos cursos garantizan que el personal que trabaja con mercanc\u00edas peligrosas en los puertos est\u00e9 capacitado para cumplir con los est\u00e1ndares legales y de seguridad.<\/p>\t\t\t\t\t\t\t\t<\/div>\n\t\t\t\t<\/div>\n\t\t\t\t<\/div>\n\t\t<div class=\"elementor-element elementor-element-b7e6cf5 e-con-full e-flex e-con e-child\" data-id=\"b7e6cf5\" data-element_type=\"container\">\n\t\t\t\t<div class=\"elementor-element elementor-element-fc0e71b elementor-widget__width-inherit elementor-widget elementor-widget-heading\" data-id=\"fc0e71b\" data-element_type=\"widget\" data-widget_type=\"heading.default\">\n\t\t\t\t<div class=\"elementor-widget-container\">\n\t\t\t\t\t<h2 class=\"elementor-heading-title elementor-size-default\">Cursos<\/h2>\t\t\t\t<\/div>\n\t\t\t\t<\/div>\n\t\t<div class=\"elementor-element elementor-element-e42045e e-con-full e-flex e-con e-child\" data-id=\"e42045e\" data-element_type=\"container\">\n\t\t<div class=\"elementor-element elementor-element-ce9479b e-con-full e-flex e-con e-child\" data-id=\"ce9479b\" data-element_type=\"container\">\n\t\t\t\t<div class=\"elementor-element elementor-element-9ed4d80 elementor-invisible elementor-widget elementor-widget-image\" data-id=\"9ed4d80\" data-element_type=\"widget\" data-settings=\"{&quot;_animation&quot;:&quot;fadeIn&quot;}\" data-widget_type=\"image.default\">\n\t\t\t\t<div class=\"elementor-widget-container\">\n\t\t\t\t\t\t\t\t\t\t\t\t\t\t\t\t<a href=\"https:\/\/stiertrainingservices.com\/es\/puertos-del-estado\/capacitacion-profesional-manipulacion-de-mm-pp-nivel-basico-puertos-del-estado\/\">\n\t\t\t\t\t\t\t<img fetchpriority=\"high\" decoding=\"async\" width=\"900\" height=\"600\" src=\"https:\/\/stiertrainingservices.com\/wp-content\/uploads\/2023\/10\/mmpp_small_1.jpg\" class=\"elementor-animation-grow attachment-full size-full wp-image-1782\" alt=\"\" srcset=\"https:\/\/stiertrainingservices.com\/wp-content\/uploads\/2023\/10\/mmpp_small_1.jpg 900w, https:\/\/stiertrainingservices.com\/wp-content\/uploads\/2023\/10\/mmpp_small_1-600x400.jpg 600w, https:\/\/stiertrainingservices.com\/wp-content\/uploads\/2023\/10\/mmpp_small_1-300x200.jpg 300w, https:\/\/stiertrainingservices.com\/wp-content\/uploads\/2023\/10\/mmpp_small_1-768x512.jpg 768w\" sizes=\"(max-width: 900px) 100vw, 900px\" \/>\t\t\t\t\t\t\t\t<\/a>\n\t\t\t\t\t\t\t\t\t\t\t\t\t\t\t<\/div>\n\t\t\t\t<\/div>\n\t\t\t\t<div class=\"elementor-element elementor-element-a0f053c elementor-widget elementor-widget-heading\" data-id=\"a0f053c\" data-element_type=\"widget\" data-widget_type=\"heading.default\">\n\t\t\t\t<div class=\"elementor-widget-container\">\n\t\t\t\t\t<h6 class=\"elementor-heading-title elementor-size-default\"><a href=\"https:\/\/stiertrainingservices.com\/es\/puertos-del-estado\/capacitacion-profesional-manipulacion-de-mm-pp-nivel-basico-puertos-del-estado\/\">Formaci\u00f3n Profesional para la Manipulaci\u00f3n de Mercanc\u00edas Peligrosas \u2013 Nivel B\u00e1sico<\/a><\/h6>\t\t\t\t<\/div>\n\t\t\t\t<\/div>\n\t\t\t\t<\/div>\n\t\t<div class=\"elementor-element elementor-element-58ad464 e-con-full e-flex e-con e-child\" data-id=\"58ad464\" data-element_type=\"container\">\n\t\t\t\t<div class=\"elementor-element elementor-element-d600acf elementor-invisible elementor-widget elementor-widget-image\" data-id=\"d600acf\" data-element_type=\"widget\" data-settings=\"{&quot;_animation&quot;:&quot;fadeIn&quot;}\" data-widget_type=\"image.default\">\n\t\t\t\t<div class=\"elementor-widget-container\">\n\t\t\t\t\t\t\t\t\t\t\t\t\t\t\t\t<a href=\"https:\/\/stiertrainingservices.com\/es\/puertos-del-estado\/capacitacion-profesional-manipulacion-de-mm-pp-nivel-superior-operador-de-muelle-o-terminal-puertos-del-estado\/\">\n\t\t\t\t\t\t\t<img decoding=\"async\" width=\"900\" height=\"600\" src=\"https:\/\/stiertrainingservices.com\/wp-content\/uploads\/2023\/10\/mmpp_small_2.jpg\" class=\"elementor-animation-grow attachment-full size-full wp-image-1783\" alt=\"\" srcset=\"https:\/\/stiertrainingservices.com\/wp-content\/uploads\/2023\/10\/mmpp_small_2.jpg 900w, https:\/\/stiertrainingservices.com\/wp-content\/uploads\/2023\/10\/mmpp_small_2-600x400.jpg 600w, https:\/\/stiertrainingservices.com\/wp-content\/uploads\/2023\/10\/mmpp_small_2-300x200.jpg 300w, https:\/\/stiertrainingservices.com\/wp-content\/uploads\/2023\/10\/mmpp_small_2-768x512.jpg 768w\" sizes=\"(max-width: 900px) 100vw, 900px\" \/>\t\t\t\t\t\t\t\t<\/a>\n\t\t\t\t\t\t\t\t\t\t\t\t\t\t\t<\/div>\n\t\t\t\t<\/div>\n\t\t\t\t<div class=\"elementor-element elementor-element-9c2bca8 elementor-widget elementor-widget-heading\" data-id=\"9c2bca8\" data-element_type=\"widget\" data-widget_type=\"heading.default\">\n\t\t\t\t<div class=\"elementor-widget-container\">\n\t\t\t\t\t<h6 class=\"elementor-heading-title elementor-size-default\"><a href=\"https:\/\/stiertrainingservices.com\/es\/puertos-del-estado\/capacitacion-profesional-manipulacion-de-mm-pp-nivel-superior-operador-de-muelle-o-terminal-puertos-del-estado\/\">Formaci\u00f3n Profesional para la Manipulaci\u00f3n de Mercanc\u00edas Peligrosas \u2013 Nivel Avanzado<\/a><\/h6>\t\t\t\t<\/div>\n\t\t\t\t<\/div>\n\t\t\t\t<\/div>\n\t\t\t\t<\/div>\n\t\t\t\t<\/div>\n\t\t\t\t\t<\/div>\n\t\t\t\t<\/div>\n\t\t\t\t<\/div>\n\t\t<div class=\"elementor-element elementor-element-6f15a81 e-flex e-con-boxed e-con e-parent\" data-id=\"6f15a81\" data-element_type=\"container\" data-settings=\"{&quot;background_background&quot;:&quot;video&quot;,&quot;background_play_on_mobile&quot;:&quot;yes&quot;,&quot;background_video_link&quot;:&quot;https:\\\/\\\/www.youtube.com\\\/watch?v=eAiyQlhiGuA&quot;,&quot;background_video_start&quot;:25,&quot;background_video_end&quot;:115}\">\n\t\t\t\t\t<div class=\"e-con-inner\">\n\t\t<div class=\"elementor-background-video-container\">\n\t\t\t\t\t\t\t<div class=\"elementor-background-video-embed\"><\/div>\n\t\t\t\t\t\t<\/div><div class=\"elementor-element elementor-element-7430950 e-flex e-con-boxed e-con e-child\" data-id=\"7430950\" data-element_type=\"container\" data-settings=\"{&quot;background_background&quot;:&quot;classic&quot;}\">\n\t\t\t\t\t<div class=\"e-con-inner\">\n\t\t\t\t<div class=\"elementor-element elementor-element-fa367c9 elementor-widget__width-initial elementor-widget-tablet__width-initial elementor-widget elementor-widget-text-editor\" data-id=\"fa367c9\" data-element_type=\"widget\" data-widget_type=\"text-editor.default\">\n\t\t\t\t<div class=\"elementor-widget-container\">\n\t\t\t\t\t\t\t\t\t<p>El\u00a0<strong>STS<\/strong>\u00a0est\u00e1 homologado por Puertos del Estado para impartir los cursos de Formaci\u00f3n Profesional en Manipulaci\u00f3n de Mercanc\u00edas Peligrosas: Nivel B\u00e1sico, Componentes Portuarios (10h) y Nivel Superior, Operador de Muelle o Terminal (40h).<\/p>\t\t\t\t\t\t\t\t<\/div>\n\t\t\t\t<\/div>\n\t\t\t\t\t<\/div>\n\t\t\t\t<\/div>\n\t\t\t\t\t<\/div>\n\t\t\t\t<\/div>\n\t\t\t\t<\/div>\n\t\t","protected":false},"excerpt":{"rendered":"<p>Formaci\u00f3n de Puertos del Estado PUERTOS DEL ESTADO Facebook Linkedin trabajar en el sector calific\u00e1ndose como mano de obra especializada Formaci\u00f3n de Puertos del Estado Desde alrededor de 1990, por decisi\u00f3n del gobierno, la responsabilidad de regular el manejo, almacenamiento y transporte de mercanc\u00edas peligrosas dentro de los puertos se transfiri\u00f3 a la Autoridad Portuaria [&hellip;]<\/p>\n","protected":false},"author":7,"featured_media":0,"parent":0,"menu_order":0,"comment_status":"closed","ping_status":"closed","template":"elementor_header_footer","meta":{"footnotes":""},"class_list":["post-4876","page","type-page","status-publish","hentry"],"yoast_head":"<!-- This site is optimized with the Yoast SEO plugin v25.7 - https:\/\/yoast.com\/wordpress\/plugins\/seo\/ -->\n<title>Puertos del Estado - Stier Training Services<\/title>\n<meta name=\"robots\" content=\"index, follow, max-snippet:-1, max-image-preview:large, max-video-preview:-1\" \/>\n<link rel=\"canonical\" href=\"https:\/\/stiertrainingservices.com\/es\/puertos-del-estado\/\" \/>\n<meta property=\"og:locale\" content=\"es_ES\" \/>\n<meta property=\"og:type\" content=\"article\" \/>\n<meta property=\"og:title\" content=\"Puertos del Estado - Stier Training Services\" \/>\n<meta property=\"og:description\" content=\"Formaci\u00f3n de Puertos del Estado PUERTOS DEL ESTADO Facebook Linkedin trabajar en el sector calific\u00e1ndose como mano de obra especializada Formaci\u00f3n de Puertos del Estado Desde alrededor de 1990, por decisi\u00f3n del gobierno, la responsabilidad de regular el manejo, almacenamiento y transporte de mercanc\u00edas peligrosas dentro de los puertos se transfiri\u00f3 a la Autoridad Portuaria [&hellip;]\" \/>\n<meta property=\"og:url\" content=\"https:\/\/stiertrainingservices.com\/es\/puertos-del-estado\/\" \/>\n<meta property=\"og:site_name\" content=\"Stier Training Services\" \/>\n<meta property=\"article:publisher\" content=\"https:\/\/www.facebook.com\/grupostier\/\" \/>\n<meta property=\"article:modified_time\" content=\"2025-08-19T05:34:48+00:00\" \/>\n<meta property=\"og:image\" content=\"https:\/\/stiertrainingservices.com\/wp-content\/uploads\/2023\/10\/mmpp_small_1.jpg\" \/>\n\t<meta property=\"og:image:width\" content=\"900\" \/>\n\t<meta property=\"og:image:height\" content=\"600\" \/>\n\t<meta property=\"og:image:type\" content=\"image\/jpeg\" \/>\n<meta name=\"twitter:card\" content=\"summary_large_image\" \/>\n<meta name=\"twitter:label1\" content=\"Tiempo de lectura\" \/>\n\t<meta name=\"twitter:data1\" content=\"2 minutos\" \/>\n<script type=\"application\/ld+json\" class=\"yoast-schema-graph\">{\"@context\":\"https:\/\/schema.org\",\"@graph\":[{\"@type\":\"WebPage\",\"@id\":\"https:\/\/stiertrainingservices.com\/es\/puertos-del-estado\/\",\"url\":\"https:\/\/stiertrainingservices.com\/es\/puertos-del-estado\/\",\"name\":\"Puertos del Estado - Stier Training Services\",\"isPartOf\":{\"@id\":\"https:\/\/stiertrainingservices.com\/#website\"},\"primaryImageOfPage\":{\"@id\":\"https:\/\/stiertrainingservices.com\/es\/puertos-del-estado\/#primaryimage\"},\"image\":{\"@id\":\"https:\/\/stiertrainingservices.com\/es\/puertos-del-estado\/#primaryimage\"},\"thumbnailUrl\":\"https:\/\/stiertrainingservices.com\/wp-content\/uploads\/2023\/10\/mmpp_small_1.jpg\",\"datePublished\":\"2023-10-28T16:12:00+00:00\",\"dateModified\":\"2025-08-19T05:34:48+00:00\",\"breadcrumb\":{\"@id\":\"https:\/\/stiertrainingservices.com\/es\/puertos-del-estado\/#breadcrumb\"},\"inLanguage\":\"es\",\"potentialAction\":[{\"@type\":\"ReadAction\",\"target\":[\"https:\/\/stiertrainingservices.com\/es\/puertos-del-estado\/\"]}]},{\"@type\":\"ImageObject\",\"inLanguage\":\"es\",\"@id\":\"https:\/\/stiertrainingservices.com\/es\/puertos-del-estado\/#primaryimage\",\"url\":\"https:\/\/stiertrainingservices.com\/wp-content\/uploads\/2023\/10\/mmpp_small_1.jpg\",\"contentUrl\":\"https:\/\/stiertrainingservices.com\/wp-content\/uploads\/2023\/10\/mmpp_small_1.jpg\"},{\"@type\":\"BreadcrumbList\",\"@id\":\"https:\/\/stiertrainingservices.com\/es\/puertos-del-estado\/#breadcrumb\",\"itemListElement\":[{\"@type\":\"ListItem\",\"position\":1,\"name\":\"Home\",\"item\":\"https:\/\/stiertrainingservices.com\/es\/\"},{\"@type\":\"ListItem\",\"position\":2,\"name\":\"Puertos del Estado\"}]},{\"@type\":\"WebSite\",\"@id\":\"https:\/\/stiertrainingservices.com\/#website\",\"url\":\"https:\/\/stiertrainingservices.com\/\",\"name\":\"Stier Training Services\",\"description\":\"\",\"publisher\":{\"@id\":\"https:\/\/stiertrainingservices.com\/#organization\"},\"potentialAction\":[{\"@type\":\"SearchAction\",\"target\":{\"@type\":\"EntryPoint\",\"urlTemplate\":\"https:\/\/stiertrainingservices.com\/?s={search_term_string}\"},\"query-input\":{\"@type\":\"PropertyValueSpecification\",\"valueRequired\":true,\"valueName\":\"search_term_string\"}}],\"inLanguage\":\"es\"},{\"@type\":\"Organization\",\"@id\":\"https:\/\/stiertrainingservices.com\/#organization\",\"name\":\"Grupo Stier\",\"url\":\"https:\/\/stiertrainingservices.com\/\",\"logo\":{\"@type\":\"ImageObject\",\"inLanguage\":\"es\",\"@id\":\"https:\/\/stiertrainingservices.com\/#\/schema\/logo\/image\/\",\"url\":\"https:\/\/stiertrainingservices.com\/wp-content\/uploads\/2023\/10\/Logo-Grupo-Stier.png\",\"contentUrl\":\"https:\/\/stiertrainingservices.com\/wp-content\/uploads\/2023\/10\/Logo-Grupo-Stier.png\",\"width\":300,\"height\":57,\"caption\":\"Grupo Stier\"},\"image\":{\"@id\":\"https:\/\/stiertrainingservices.com\/#\/schema\/logo\/image\/\"},\"sameAs\":[\"https:\/\/www.facebook.com\/grupostier\/\"]}]}<\/script>\n<!-- \/ Yoast SEO plugin. -->","yoast_head_json":{"title":"Puertos del Estado - Stier Training Services","robots":{"index":"index","follow":"follow","max-snippet":"max-snippet:-1","max-image-preview":"max-image-preview:large","max-video-preview":"max-video-preview:-1"},"canonical":"https:\/\/stiertrainingservices.com\/es\/puertos-del-estado\/","og_locale":"es_ES","og_type":"article","og_title":"Puertos del Estado - Stier Training Services","og_description":"Formaci\u00f3n de Puertos del Estado PUERTOS DEL ESTADO Facebook Linkedin trabajar en el sector calific\u00e1ndose como mano de obra especializada Formaci\u00f3n de Puertos del Estado Desde alrededor de 1990, por decisi\u00f3n del gobierno, la responsabilidad de regular el manejo, almacenamiento y transporte de mercanc\u00edas peligrosas dentro de los puertos se transfiri\u00f3 a la Autoridad Portuaria [&hellip;]","og_url":"https:\/\/stiertrainingservices.com\/es\/puertos-del-estado\/","og_site_name":"Stier Training Services","article_publisher":"https:\/\/www.facebook.com\/grupostier\/","article_modified_time":"2025-08-19T05:34:48+00:00","og_image":[{"width":900,"height":600,"url":"https:\/\/stiertrainingservices.com\/wp-content\/uploads\/2023\/10\/mmpp_small_1.jpg","type":"image\/jpeg"}],"twitter_card":"summary_large_image","twitter_misc":{"Tiempo de lectura":"2 minutos"},"schema":{"@context":"https:\/\/schema.org","@graph":[{"@type":"WebPage","@id":"https:\/\/stiertrainingservices.com\/es\/puertos-del-estado\/","url":"https:\/\/stiertrainingservices.com\/es\/puertos-del-estado\/","name":"Puertos del Estado - Stier Training Services","isPartOf":{"@id":"https:\/\/stiertrainingservices.com\/#website"},"primaryImageOfPage":{"@id":"https:\/\/stiertrainingservices.com\/es\/puertos-del-estado\/#primaryimage"},"image":{"@id":"https:\/\/stiertrainingservices.com\/es\/puertos-del-estado\/#primaryimage"},"thumbnailUrl":"https:\/\/stiertrainingservices.com\/wp-content\/uploads\/2023\/10\/mmpp_small_1.jpg","datePublished":"2023-10-28T16:12:00+00:00","dateModified":"2025-08-19T05:34:48+00:00","breadcrumb":{"@id":"https:\/\/stiertrainingservices.com\/es\/puertos-del-estado\/#breadcrumb"},"inLanguage":"es","potentialAction":[{"@type":"ReadAction","target":["https:\/\/stiertrainingservices.com\/es\/puertos-del-estado\/"]}]},{"@type":"ImageObject","inLanguage":"es","@id":"https:\/\/stiertrainingservices.com\/es\/puertos-del-estado\/#primaryimage","url":"https:\/\/stiertrainingservices.com\/wp-content\/uploads\/2023\/10\/mmpp_small_1.jpg","contentUrl":"https:\/\/stiertrainingservices.com\/wp-content\/uploads\/2023\/10\/mmpp_small_1.jpg"},{"@type":"BreadcrumbList","@id":"https:\/\/stiertrainingservices.com\/es\/puertos-del-estado\/#breadcrumb","itemListElement":[{"@type":"ListItem","position":1,"name":"Home","item":"https:\/\/stiertrainingservices.com\/es\/"},{"@type":"ListItem","position":2,"name":"Puertos del Estado"}]},{"@type":"WebSite","@id":"https:\/\/stiertrainingservices.com\/#website","url":"https:\/\/stiertrainingservices.com\/","name":"Stier Training Services","description":"","publisher":{"@id":"https:\/\/stiertrainingservices.com\/#organization"},"potentialAction":[{"@type":"SearchAction","target":{"@type":"EntryPoint","urlTemplate":"https:\/\/stiertrainingservices.com\/?s={search_term_string}"},"query-input":{"@type":"PropertyValueSpecification","valueRequired":true,"valueName":"search_term_string"}}],"inLanguage":"es"},{"@type":"Organization","@id":"https:\/\/stiertrainingservices.com\/#organization","name":"Grupo Stier","url":"https:\/\/stiertrainingservices.com\/","logo":{"@type":"ImageObject","inLanguage":"es","@id":"https:\/\/stiertrainingservices.com\/#\/schema\/logo\/image\/","url":"https:\/\/stiertrainingservices.com\/wp-content\/uploads\/2023\/10\/Logo-Grupo-Stier.png","contentUrl":"https:\/\/stiertrainingservices.com\/wp-content\/uploads\/2023\/10\/Logo-Grupo-Stier.png","width":300,"height":57,"caption":"Grupo Stier"},"image":{"@id":"https:\/\/stiertrainingservices.com\/#\/schema\/logo\/image\/"},"sameAs":["https:\/\/www.facebook.com\/grupostier\/"]}]}},"_links":{"self":[{"href":"https:\/\/stiertrainingservices.com\/es\/wp-json\/wp\/v2\/pages\/4876","targetHints":{"allow":["GET"]}}],"collection":[{"href":"https:\/\/stiertrainingservices.com\/es\/wp-json\/wp\/v2\/pages"}],"about":[{"href":"https:\/\/stiertrainingservices.com\/es\/wp-json\/wp\/v2\/types\/page"}],"author":[{"embeddable":true,"href":"https:\/\/stiertrainingservices.com\/es\/wp-json\/wp\/v2\/users\/7"}],"replies":[{"embeddable":true,"href":"https:\/\/stiertrainingservices.com\/es\/wp-json\/wp\/v2\/comments?post=4876"}],"version-history":[{"count":5,"href":"https:\/\/stiertrainingservices.com\/es\/wp-json\/wp\/v2\/pages\/4876\/revisions"}],"predecessor-version":[{"id":5246,"href":"https:\/\/stiertrainingservices.com\/es\/wp-json\/wp\/v2\/pages\/4876\/revisions\/5246"}],"wp:attachment":[{"href":"https:\/\/stiertrainingservices.com\/es\/wp-json\/wp\/v2\/media?parent=4876"}],"curies":[{"name":"wp","href":"https:\/\/api.w.org\/{rel}","templated":true}]}}